{"id":155,"date":"2023-04-28T20:11:49","date_gmt":"2023-04-28T20:11:49","guid":{"rendered":"https:\/\/oscraia.com.ar\/cartilla\/?page_id=155"},"modified":"2023-04-28T20:15:19","modified_gmt":"2023-04-28T20:15:19","slug":"requisitos","status":"publish","type":"page","link":"https:\/\/oscraia.com.ar\/cartilla\/requisitos\/","title":{"rendered":"REQUISITOS"},"content":{"rendered":"\n<figure class=\"wp-block-image size-full\"><img decoding=\"async\" loading=\"lazy\" width=\"412\" height=\"131\" src=\"https:\/\/oscraia.com.ar\/cartilla\/wp-content\/uploads\/2023\/04\/xas.png\" alt=\"\" class=\"wp-image-159\" srcset=\"https:\/\/oscraia.com.ar\/cartilla\/wp-content\/uploads\/2023\/04\/xas.png 412w, https:\/\/oscraia.com.ar\/cartilla\/wp-content\/uploads\/2023\/04\/xas-300x95.png 300w\" sizes=\"(max-width: 412px) 100vw, 412px\" \/><\/figure>\n\n\n\n<p class=\"has-text-color\" style=\"color:#ed1717\">PARA RECIBIR PRESTACIONES DEBE CUMPLIR <\/p>\n\n\n\n<p class=\"has-text-color\" style=\"color:#ed1717\">CON LOS SIGUIENTES REQUISITOS:<\/p>\n\n\n\n<ul>\n<li><strong>BONO DE CONSULTA AUTORIZADA POR LA OBRA SOCIAL.<\/strong><\/li>\n\n\n\n<li><strong>CREDENCIAL DE LA OBRA SOCIAL VIGENTE<\/strong><\/li>\n\n\n\n<li><strong>DOCUMENTO DE IDENTIDAD.<\/strong><\/li>\n\n\n\n<li><strong>AFILIADO CATEGOR\u00cdA BAJO RELACI\u00d3N DE DEPENDENCIA DEBE PRESENTAR ULTIMO RECIBO DE SUELDO<\/strong><\/li>\n\n\n\n<li><strong>AFILIADO CATEGOR\u00cdA MONOTRIBUTISTAS DEBER\u00c1 PRESENTAR LOS \u00daLTIMOS TRES PAGOS DE SU MONOTRIBUTO<\/strong><strong><\/strong><\/li>\n<\/ul>\n","protected":false},"excerpt":{"rendered":"<p>PARA RECIBIR PRESTACIONES DEBE CUMPLIR CON LOS SIGUIENTES REQUISITOS:<\/p>\n","protected":false},"author":1,"featured_media":0,"parent":0,"menu_order":0,"comment_status":"closed","ping_status":"closed","template":"","meta":[],"_links":{"self":[{"href":"https:\/\/oscraia.com.ar\/cartilla\/wp-json\/wp\/v2\/pages\/155"}],"collection":[{"href":"https:\/\/oscraia.com.ar\/cartilla\/wp-json\/wp\/v2\/pages"}],"about":[{"href":"https:\/\/oscraia.com.ar\/cartilla\/wp-json\/wp\/v2\/types\/page"}],"author":[{"embeddable":true,"href":"https:\/\/oscraia.com.ar\/cartilla\/wp-json\/wp\/v2\/users\/1"}],"replies":[{"embeddable":true,"href":"https:\/\/oscraia.com.ar\/cartilla\/wp-json\/wp\/v2\/comments?post=155"}],"version-history":[{"count":2,"href":"https:\/\/oscraia.com.ar\/cartilla\/wp-json\/wp\/v2\/pages\/155\/revisions"}],"predecessor-version":[{"id":160,"href":"https:\/\/oscraia.com.ar\/cartilla\/wp-json\/wp\/v2\/pages\/155\/revisions\/160"}],"wp:attachment":[{"href":"https:\/\/oscraia.com.ar\/cartilla\/wp-json\/wp\/v2\/media?parent=155"}],"curies":[{"name":"wp","href":"https:\/\/api.w.org\/{rel}","templated":true}]}}