{"id":32,"date":"2023-03-14T15:00:41","date_gmt":"2023-03-14T15:00:41","guid":{"rendered":"http:\/\/oscraia.com.ar\/cartilla\/?page_id=32"},"modified":"2026-01-09T19:48:33","modified_gmt":"2026-01-09T19:48:33","slug":"coseguros","status":"publish","type":"page","link":"https:\/\/oscraia.com.ar\/cartilla\/coseguros\/","title":{"rendered":"COSEGUROS"},"content":{"rendered":"\n<p class=\"has-black-color has-text-color\">*PRESTACIONES ESPECIALES : COSEGURO DEL 20% SOBRE EL VALOR DE LA PRESTACI\u00d3N SOLICITADA. EL MONTO SE NOTIFICAR\u00c1 EN LA AUTORIZACI\u00d3N DE LA PR\u00c1CTICA. RESOLUCI\u00d3N 1926\/2024<\/p>\n\n\n\n<figure class=\"wp-block-image size-large is-resized\"><img decoding=\"async\" loading=\"lazy\" src=\"https:\/\/oscraia.com.ar\/cartilla\/wp-content\/uploads\/2025\/12\/image-1-1024x392.png\" alt=\"\" class=\"wp-image-3478\" width=\"1031\" height=\"394\" srcset=\"https:\/\/oscraia.com.ar\/cartilla\/wp-content\/uploads\/2025\/12\/image-1-1024x392.png 1024w, https:\/\/oscraia.com.ar\/cartilla\/wp-content\/uploads\/2025\/12\/image-1-300x115.png 300w, https:\/\/oscraia.com.ar\/cartilla\/wp-content\/uploads\/2025\/12\/image-1-768x294.png 768w, https:\/\/oscraia.com.ar\/cartilla\/wp-content\/uploads\/2025\/12\/image-1.png 1086w\" sizes=\"(max-width: 1031px) 100vw, 1031px\" \/><\/figure>\n\n\n\n<figure class=\"wp-block-image size-large\"><img decoding=\"async\" loading=\"lazy\" width=\"1024\" height=\"346\" src=\"https:\/\/oscraia.com.ar\/cartilla\/wp-content\/uploads\/2025\/12\/image-2-1024x346.png\" alt=\"\" class=\"wp-image-3479\" srcset=\"https:\/\/oscraia.com.ar\/cartilla\/wp-content\/uploads\/2025\/12\/image-2-1024x346.png 1024w, https:\/\/oscraia.com.ar\/cartilla\/wp-content\/uploads\/2025\/12\/image-2-300x101.png 300w, https:\/\/oscraia.com.ar\/cartilla\/wp-content\/uploads\/2025\/12\/image-2-768x260.png 768w, https:\/\/oscraia.com.ar\/cartilla\/wp-content\/uploads\/2025\/12\/image-2.png 1076w\" sizes=\"(max-width: 1024px) 100vw, 1024px\" \/><\/figure>\n\n\n\n<figure class=\"wp-block-image size-large\"><img decoding=\"async\" loading=\"lazy\" width=\"1024\" height=\"227\" src=\"https:\/\/oscraia.com.ar\/cartilla\/wp-content\/uploads\/2025\/12\/image-3-1024x227.png\" alt=\"\" class=\"wp-image-3480\" srcset=\"https:\/\/oscraia.com.ar\/cartilla\/wp-content\/uploads\/2025\/12\/image-3-1024x227.png 1024w, https:\/\/oscraia.com.ar\/cartilla\/wp-content\/uploads\/2025\/12\/image-3-300x66.png 300w, https:\/\/oscraia.com.ar\/cartilla\/wp-content\/uploads\/2025\/12\/image-3-768x170.png 768w, https:\/\/oscraia.com.ar\/cartilla\/wp-content\/uploads\/2025\/12\/image-3.png 1085w\" sizes=\"(max-width: 1024px) 100vw, 1024px\" \/><\/figure>\n\n\n\n<figure class=\"wp-block-image size-large\"><img decoding=\"async\" loading=\"lazy\" width=\"1024\" height=\"455\" src=\"https:\/\/oscraia.com.ar\/cartilla\/wp-content\/uploads\/2025\/12\/image-4-1024x455.png\" alt=\"\" class=\"wp-image-3481\" srcset=\"https:\/\/oscraia.com.ar\/cartilla\/wp-content\/uploads\/2025\/12\/image-4-1024x455.png 1024w, https:\/\/oscraia.com.ar\/cartilla\/wp-content\/uploads\/2025\/12\/image-4-300x133.png 300w, https:\/\/oscraia.com.ar\/cartilla\/wp-content\/uploads\/2025\/12\/image-4-768x341.png 768w, https:\/\/oscraia.com.ar\/cartilla\/wp-content\/uploads\/2025\/12\/image-4.png 1083w\" sizes=\"(max-width: 1024px) 100vw, 1024px\" \/><\/figure>\n\n\n\n<figure class=\"wp-block-image size-large\"><img decoding=\"async\" loading=\"lazy\" width=\"1024\" height=\"404\" src=\"https:\/\/oscraia.com.ar\/cartilla\/wp-content\/uploads\/2025\/12\/image-5-1024x404.png\" alt=\"\" class=\"wp-image-3482\" srcset=\"https:\/\/oscraia.com.ar\/cartilla\/wp-content\/uploads\/2025\/12\/image-5-1024x404.png 1024w, https:\/\/oscraia.com.ar\/cartilla\/wp-content\/uploads\/2025\/12\/image-5-300x119.png 300w, https:\/\/oscraia.com.ar\/cartilla\/wp-content\/uploads\/2025\/12\/image-5-768x303.png 768w, https:\/\/oscraia.com.ar\/cartilla\/wp-content\/uploads\/2025\/12\/image-5.png 1081w\" sizes=\"(max-width: 1024px) 100vw, 1024px\" \/><\/figure>\n\n\n\n<figure class=\"wp-block-image size-large\"><img decoding=\"async\" loading=\"lazy\" width=\"1024\" height=\"115\" src=\"https:\/\/oscraia.com.ar\/cartilla\/wp-content\/uploads\/2025\/12\/image-6-1024x115.png\" alt=\"\" class=\"wp-image-3483\" srcset=\"https:\/\/oscraia.com.ar\/cartilla\/wp-content\/uploads\/2025\/12\/image-6-1024x115.png 1024w, https:\/\/oscraia.com.ar\/cartilla\/wp-content\/uploads\/2025\/12\/image-6-300x34.png 300w, https:\/\/oscraia.com.ar\/cartilla\/wp-content\/uploads\/2025\/12\/image-6-768x86.png 768w, https:\/\/oscraia.com.ar\/cartilla\/wp-content\/uploads\/2025\/12\/image-6.png 1081w\" sizes=\"(max-width: 1024px) 100vw, 1024px\" \/><\/figure>\n\n\n\n<figure class=\"wp-block-image size-large\"><img decoding=\"async\" loading=\"lazy\" width=\"1024\" height=\"418\" src=\"https:\/\/oscraia.com.ar\/cartilla\/wp-content\/uploads\/2025\/12\/image-7-1024x418.png\" alt=\"\" class=\"wp-image-3484\" srcset=\"https:\/\/oscraia.com.ar\/cartilla\/wp-content\/uploads\/2025\/12\/image-7-1024x418.png 1024w, https:\/\/oscraia.com.ar\/cartilla\/wp-content\/uploads\/2025\/12\/image-7-300x123.png 300w, https:\/\/oscraia.com.ar\/cartilla\/wp-content\/uploads\/2025\/12\/image-7-768x314.png 768w, https:\/\/oscraia.com.ar\/cartilla\/wp-content\/uploads\/2025\/12\/image-7.png 1075w\" sizes=\"(max-width: 1024px) 100vw, 1024px\" \/><\/figure>\n\n\n\n<figure class=\"wp-block-image size-large\"><img decoding=\"async\" loading=\"lazy\" width=\"1024\" height=\"432\" src=\"https:\/\/oscraia.com.ar\/cartilla\/wp-content\/uploads\/2025\/12\/image-8-1024x432.png\" alt=\"\" class=\"wp-image-3485\" srcset=\"https:\/\/oscraia.com.ar\/cartilla\/wp-content\/uploads\/2025\/12\/image-8-1024x432.png 1024w, https:\/\/oscraia.com.ar\/cartilla\/wp-content\/uploads\/2025\/12\/image-8-300x127.png 300w, https:\/\/oscraia.com.ar\/cartilla\/wp-content\/uploads\/2025\/12\/image-8-768x324.png 768w, https:\/\/oscraia.com.ar\/cartilla\/wp-content\/uploads\/2025\/12\/image-8.png 1076w\" sizes=\"(max-width: 1024px) 100vw, 1024px\" \/><\/figure>\n\n\n\n<figure class=\"wp-block-image size-large\"><img decoding=\"async\" loading=\"lazy\" width=\"1024\" height=\"338\" src=\"https:\/\/oscraia.com.ar\/cartilla\/wp-content\/uploads\/2025\/12\/image-9-1024x338.png\" alt=\"\" class=\"wp-image-3486\" srcset=\"https:\/\/oscraia.com.ar\/cartilla\/wp-content\/uploads\/2025\/12\/image-9-1024x338.png 1024w, https:\/\/oscraia.com.ar\/cartilla\/wp-content\/uploads\/2025\/12\/image-9-300x99.png 300w, https:\/\/oscraia.com.ar\/cartilla\/wp-content\/uploads\/2025\/12\/image-9-768x254.png 768w, https:\/\/oscraia.com.ar\/cartilla\/wp-content\/uploads\/2025\/12\/image-9.png 1083w\" sizes=\"(max-width: 1024px) 100vw, 1024px\" \/><\/figure>\n\n\n\n<p><\/p>\n\n\n\n<p><\/p>\n","protected":false},"excerpt":{"rendered":"<p>*PRESTACIONES ESPECIALES : COSEGURO DEL 20% SOBRE EL VALOR DE LA PRESTACI\u00d3N SOLICITADA. EL MONTO SE NOTIFICAR\u00c1 EN LA AUTORIZACI\u00d3N DE LA PR\u00c1CTICA. RESOLUCI\u00d3N 1926\/2024<\/p>\n","protected":false},"author":1,"featured_media":0,"parent":0,"menu_order":0,"comment_status":"closed","ping_status":"closed","template":"page-fullwidth.php","meta":[],"_links":{"self":[{"href":"https:\/\/oscraia.com.ar\/cartilla\/wp-json\/wp\/v2\/pages\/32"}],"collection":[{"href":"https:\/\/oscraia.com.ar\/cartilla\/wp-json\/wp\/v2\/pages"}],"about":[{"href":"https:\/\/oscraia.com.ar\/cartilla\/wp-json\/wp\/v2\/types\/page"}],"author":[{"embeddable":true,"href":"https:\/\/oscraia.com.ar\/cartilla\/wp-json\/wp\/v2\/users\/1"}],"replies":[{"embeddable":true,"href":"https:\/\/oscraia.com.ar\/cartilla\/wp-json\/wp\/v2\/comments?post=32"}],"version-history":[{"count":34,"href":"https:\/\/oscraia.com.ar\/cartilla\/wp-json\/wp\/v2\/pages\/32\/revisions"}],"predecessor-version":[{"id":3498,"href":"https:\/\/oscraia.com.ar\/cartilla\/wp-json\/wp\/v2\/pages\/32\/revisions\/3498"}],"wp:attachment":[{"href":"https:\/\/oscraia.com.ar\/cartilla\/wp-json\/wp\/v2\/media?parent=32"}],"curies":[{"name":"wp","href":"https:\/\/api.w.org\/{rel}","templated":true}]}}